{"id":157,"date":"2019-02-19T16:47:10","date_gmt":"2019-02-19T16:47:10","guid":{"rendered":"https:\/\/andreasgemeinde.info\/?page_id=157"},"modified":"2025-11-18T16:05:52","modified_gmt":"2025-11-18T16:05:52","slug":"geschichte","status":"publish","type":"page","link":"https:\/\/andreasgemeinde.info\/?page_id=157","title":{"rendered":"Gemeinde"},"content":{"rendered":"\t\t<div data-elementor-type=\"wp-post\" data-elementor-id=\"157\" class=\"elementor elementor-157\">\n\t\t\t\t\t\t<section class=\"elementor-section elementor-top-section elementor-element elementor-element-75d62dc elementor-section-boxed elementor-section-height-default elementor-section-height-default\" data-id=\"75d62dc\" data-element_type=\"section\" data-e-type=\"section\">\n\t\t\t\t\t\t<div class=\"elementor-container elementor-column-gap-default\">\n\t\t\t\t\t<div class=\"elementor-column elementor-col-100 elementor-top-column elementor-element elementor-element-e105cec\" data-id=\"e105cec\" data-element_type=\"column\" data-e-type=\"column\">\n\t\t\t<div class=\"elementor-widget-wrap elementor-element-populated\">\n\t\t\t\t\t\t<div class=\"elementor-element elementor-element-3dedc4c elementor-widget elementor-widget-heading\" data-id=\"3dedc4c\" data-element_type=\"widget\" data-e-type=\"widget\" data-widget_type=\"heading.default\">\n\t\t\t\t<div class=\"elementor-widget-container\">\n\t\t\t\t\t<h2 class=\"elementor-heading-title elementor-size-medium\">GEMEINDE<\/h2>\t\t\t\t<\/div>\n\t\t\t\t<\/div>\n\t\t\t\t\t<\/div>\n\t\t<\/div>\n\t\t\t\t\t<\/div>\n\t\t<\/section>\n\t\t\t\t<section class=\"elementor-section elementor-top-section elementor-element elementor-element-0fb1655 elementor-section-boxed elementor-section-height-default elementor-section-height-default\" data-id=\"0fb1655\" data-element_type=\"section\" data-e-type=\"section\">\n\t\t\t\t\t\t<div class=\"elementor-container elementor-column-gap-default\">\n\t\t\t\t\t<div class=\"elementor-column elementor-col-100 elementor-top-column elementor-element elementor-element-3d74b7b\" data-id=\"3d74b7b\" data-element_type=\"column\" data-e-type=\"column\">\n\t\t\t<div class=\"elementor-widget-wrap\">\n\t\t\t\t\t\t\t<\/div>\n\t\t<\/div>\n\t\t\t\t\t<\/div>\n\t\t<\/section>\n\t\t\t\t<section class=\"elementor-section elementor-top-section elementor-element elementor-element-50db25b elementor-section-boxed elementor-section-height-default elementor-section-height-default\" data-id=\"50db25b\" data-element_type=\"section\" data-e-type=\"section\" data-settings=\"{&quot;background_background&quot;:&quot;classic&quot;}\">\n\t\t\t\t\t\t\t<div class=\"elementor-background-overlay\"><\/div>\n\t\t\t\t\t\t\t<div class=\"elementor-container elementor-column-gap-default\">\n\t\t\t\t\t<div class=\"elementor-column elementor-col-100 elementor-top-column elementor-element elementor-element-b68506d\" data-id=\"b68506d\" data-element_type=\"column\" data-e-type=\"column\">\n\t\t\t<div class=\"elementor-widget-wrap elementor-element-populated\">\n\t\t\t\t\t\t<div class=\"elementor-element elementor-element-138aa7c elementor-widget elementor-widget-text-editor\" data-id=\"138aa7c\" data-element_type=\"widget\" data-e-type=\"widget\" data-widget_type=\"text-editor.default\">\n\t\t\t\t<div class=\"elementor-widget-container\">\n\t\t\t\t\t\t\t\t\t<p class=\"abs\" style=\"text-align: left;\"><strong>Die Andreasgemeinde ist eine christliche Gemeinde in und f\u00fcr Aschaffenburg. Wir wollen Menschen im Raum Aschaffenburg zum Leben mit Gott ermutigen.<\/strong><\/p><p style=\"text-align: left;\">F\u00fcr uns steht eine pers\u00f6nliche Beziehung zu Jesus Christus im Mittelpunkt. Obwohl sich Formen \u00e4ndern, bleibt der Inhalt immer derselbe: Die Gnade und Erl\u00f6sung in Jesus Christus f\u00fcr jeden Menschen.<\/p><p style=\"text-align: left;\">Die folgenden Worte Jesu sind dabei ein Leitspruch: <em>\u201eIch bin das Licht der Welt; wer mir nachfolgt, wird nicht in der Finsternis wandeln, sondern wird das Licht des Lebens haben\u201c (Joh. 8,12).<\/em><\/p><p class=\"abs\" style=\"text-align: left;\"><strong>Kirche und Glaube?<\/strong><\/p><p class=\"abs\" style=\"text-align: left;\">Die Andreasgemeinde ist eine christliche und evangelische Gemeinde. Sie geh\u00f6rt als Evangelisch-Freikirchliche Gemeinde zum Bund Evangelisch-Freikirchlicher Gemeinden (Baptisten) in Deutschland, K.d.\u00f6.R. (<a href=\"http:\/\/www.baptisten.org\" target=\"_blank\" rel=\"noopener\">www.baptisten.org<\/a>).<\/p><p class=\"abs\" style=\"text-align: left;\">Weltweit gibt es ca. 50 Mio. Baptisten in \u00fcber 200 L\u00e4ndern. Die Baptisten sind &#8211; weltweit gesehen &#8211; die gr\u00f6\u00dfte evangelische Kirche. Mit mehr als 800 Gemeinden und 88.000 Mitgliedern ist der Bund Evangelisch-Freikirchlicher Gemeinden die gr\u00f6\u00dfte Freikirche in Deutschland.<\/p><p class=\"abs\" style=\"text-align: left;\">Durch namhafte Baptisten wie den B\u00fcrgerrechtler Martin Luther King, den Evangelisten Billy Graham und den amerikanischen Pr\u00e4sidenten Jimmy Carter sind die Baptisten auch hierzulande f\u00fcr viele Menschen ein Begriff geworden.<\/p><p style=\"text-align: left;\"><strong>Wir sind Christen:<\/strong><\/p><p style=\"text-align: left;\">Wir glauben an Gott, den Vater, den Sohn und den Heiligen Geist, wie er uns im Alten und Neuen Testament bezeugt wird. Eine pers\u00f6nliche Gottesbeziehung und die Bibel sind Ma\u00dfstab f\u00fcr unsere Lehre und unser Leben.<\/p><p style=\"text-align: left;\"><strong>Wir sind Evangelisch:<\/strong><\/p><p style=\"text-align: left;\">Die Gute Nachricht (Evangelium) von Jesus Christus steht im Mittelpunkt unserer Verk\u00fcndigung und unseres Gemeindelebens.<\/p><p style=\"text-align: left;\">Wir sind evangelische Christen, haben die gleichen theologischen Wurzeln wie alle evangelischen Kirchen und sind dem Erbe der protestantischen Reformation verpflichtet.<\/p><p style=\"text-align: left;\">So bekennen wir Jesus Christus als Herrn und Retter der Welt, der uns allein aus Gnade und allein aus Glauben vor Gott gerecht gemacht hat.<\/p><p style=\"text-align: left;\"><strong>Wir sind Freikirchlich:<\/strong><\/p><p style=\"text-align: left;\">Da der Glaube an Gott nie durch Zwang, sondern nur durch eine freie Entscheidung entstehen kann, betonen Freikirchen die pers\u00f6nliche Glaubens- und Gewissensentscheidung f\u00fcr alle Menschen.<\/p><p style=\"text-align: left;\">Der Begriff \u00bbfreikirchlich\u00ab bedeutet auch, dass es uns auf die freie, pers\u00f6nliche Glaubensentscheidung des Einzelnen ankommt.<\/p><p style=\"text-align: left;\">Der Hauptunterschied zur Evangelischen Kirche ist: Wir taufen keine S\u00e4uglinge, sondern nur m\u00fcndige Menschen, die sich pers\u00f6nlich f\u00fcr den Glauben und die Taufe entschieden haben. Das Wort \u00bbBaptisten\u00ab ist aus dem Griechischen abgeleitet und bedeutet \u00bbtaufen\u00ab und \u00bbuntertauchen\u00ab.<\/p><p style=\"text-align: left;\">Wir bezeichnen uns auch als freikirchlich, weil wir die Trennung von Staat und Kirche betonen. Kennzeichnend sind dabei die pers\u00f6nliche freie Entscheidung f\u00fcr eine Mitgliedschaft, die Freiheit von Einfl\u00fcssen des Staates auf ihre inneren Angelegenheiten und die finanzielle Unabh\u00e4ngigkeit der kirchlichen Arbeit, die durch freiwillige Spenden gedeckt wird.<\/p><p style=\"text-align: left;\"><strong>Wir sind Gemeinde:<\/strong><\/p><p style=\"text-align: left;\">Wir leben unseren Glauben miteinander vor allem in Gottesdiensten und Kleingruppen.<\/p><p style=\"text-align: left;\">Wir gestalten das Gemeindeleben so, dass Menschen aller Altersgruppen Gott begegnen, in verbindlicher Gemeinschaft leben und sich in ihrer Pers\u00f6nlichkeit entwickeln.<\/p><p style=\"text-align: left;\">Wir haben den Wunsch, die Sache Jesu im eigenen Leben wichtig zu nehmen und sie auch anderen verst\u00e4ndlich und glaubhaft zu machen.<\/p><p style=\"text-align: left;\">Wir legen Wert auf die Gemeinde, weil Christen einander auf dem Weg des Glaubens helfen und miteinander anderen Menschen dienen sollten.<\/p><p style=\"text-align: left;\">Kirche existiert nicht um der Kirche wegen, sondern allein um der Menschen wegen. Kirche ist erst dann Kirche, wenn sie f\u00fcr andere da ist. In diesem Sinn haben wir als Gemeinde unsere Daseinsberechtigung.<\/p>\t\t\t\t\t\t\t\t<\/div>\n\t\t\t\t<\/div>\n\t\t\t\t\t<\/div>\n\t\t<\/div>\n\t\t\t\t\t<\/div>\n\t\t<\/section>\n\t\t\t\t<\/div>\n\t\t","protected":false},"excerpt":{"rendered":"<p>GEMEINDE Die Andreasgemeinde ist eine christliche Gemeinde in und f\u00fcr Aschaffenburg. Wir wollen Menschen im Raum Aschaffenburg zum Leben mit Gott ermutigen. F\u00fcr uns steht eine pers\u00f6nliche Beziehung zu Jesus Christus im Mittelpunkt. Obwohl sich Formen \u00e4ndern, bleibt der Inhalt immer derselbe: Die Gnade und Erl\u00f6sung in Jesus Christus f\u00fcr jeden Menschen. Die folgenden Worte [&hellip;]<\/p>\n","protected":false},"author":1,"featured_media":0,"parent":0,"menu_order":0,"comment_status":"closed","ping_status":"closed","template":"","meta":{"footnotes":""},"class_list":["post-157","page","type-page","status-publish","hentry","entry"],"_links":{"self":[{"href":"https:\/\/andreasgemeinde.info\/index.php?rest_route=\/wp\/v2\/pages\/157","targetHints":{"allow":["GET"]}}],"collection":[{"href":"https:\/\/andreasgemeinde.info\/index.php?rest_route=\/wp\/v2\/pages"}],"about":[{"href":"https:\/\/andreasgemeinde.info\/index.php?rest_route=\/wp\/v2\/types\/page"}],"author":[{"embeddable":true,"href":"https:\/\/andreasgemeinde.info\/index.php?rest_route=\/wp\/v2\/users\/1"}],"replies":[{"embeddable":true,"href":"https:\/\/andreasgemeinde.info\/index.php?rest_route=%2Fwp%2Fv2%2Fcomments&post=157"}],"version-history":[{"count":10,"href":"https:\/\/andreasgemeinde.info\/index.php?rest_route=\/wp\/v2\/pages\/157\/revisions"}],"predecessor-version":[{"id":2333,"href":"https:\/\/andreasgemeinde.info\/index.php?rest_route=\/wp\/v2\/pages\/157\/revisions\/2333"}],"wp:attachment":[{"href":"https:\/\/andreasgemeinde.info\/index.php?rest_route=%2Fwp%2Fv2%2Fmedia&parent=157"}],"curies":[{"name":"wp","href":"https:\/\/api.w.org\/{rel}","templated":true}]}}