{"id":137,"date":"2019-02-19T16:19:13","date_gmt":"2019-02-19T16:19:13","guid":{"rendered":"https:\/\/andreasgemeinde.info\/?page_id=137"},"modified":"2025-12-06T10:21:29","modified_gmt":"2025-12-06T10:21:29","slug":"gemeinderat","status":"publish","type":"page","link":"https:\/\/andreasgemeinde.info\/?page_id=137","title":{"rendered":"Gemeindereferent"},"content":{"rendered":"\t\t<div data-elementor-type=\"wp-post\" data-elementor-id=\"137\" class=\"elementor elementor-137\">\n\t\t\t\t\t\t<section class=\"elementor-section elementor-top-section elementor-element elementor-element-993f50c elementor-section-boxed elementor-section-height-default elementor-section-height-default\" data-id=\"993f50c\" data-element_type=\"section\" data-e-type=\"section\">\n\t\t\t\t\t\t<div class=\"elementor-container elementor-column-gap-default\">\n\t\t\t\t\t<div class=\"elementor-column elementor-col-50 elementor-top-column elementor-element elementor-element-36e1250\" data-id=\"36e1250\" data-element_type=\"column\" data-e-type=\"column\">\n\t\t\t<div class=\"elementor-widget-wrap\">\n\t\t\t\t\t\t\t<\/div>\n\t\t<\/div>\n\t\t\t\t<div class=\"elementor-column elementor-col-50 elementor-top-column elementor-element elementor-element-c3534c2\" data-id=\"c3534c2\" data-element_type=\"column\" data-e-type=\"column\">\n\t\t\t<div class=\"elementor-widget-wrap elementor-element-populated\">\n\t\t\t\t\t\t<div class=\"elementor-element elementor-element-80f5aa6 elementor-widget elementor-widget-text-editor\" data-id=\"80f5aa6\" data-element_type=\"widget\" data-e-type=\"widget\" data-widget_type=\"text-editor.default\">\n\t\t\t\t<div class=\"elementor-widget-container\">\n\t\t\t\t\t\t\t\t\t<h3 style=\"text-align: left;\">J\u00f6rg Kass\u00fchlke, der Gemeindereferent<\/h3>\t\t\t\t\t\t\t\t<\/div>\n\t\t\t\t<\/div>\n\t\t\t\t\t<\/div>\n\t\t<\/div>\n\t\t\t\t\t<\/div>\n\t\t<\/section>\n\t\t\t\t<section class=\"elementor-section elementor-top-section elementor-element elementor-element-08efd0c elementor-section-boxed elementor-section-height-default elementor-section-height-default\" data-id=\"08efd0c\" data-element_type=\"section\" data-e-type=\"section\">\n\t\t\t\t\t\t<div class=\"elementor-container elementor-column-gap-default\">\n\t\t\t\t\t<div class=\"elementor-column elementor-col-50 elementor-top-column elementor-element elementor-element-3c7fe1e\" data-id=\"3c7fe1e\" data-element_type=\"column\" data-e-type=\"column\">\n\t\t\t<div class=\"elementor-widget-wrap elementor-element-populated\">\n\t\t\t\t\t\t<div class=\"elementor-element elementor-element-b766793 elementor-widget elementor-widget-image\" data-id=\"b766793\" data-element_type=\"widget\" data-e-type=\"widget\" data-widget_type=\"image.default\">\n\t\t\t\t<div class=\"elementor-widget-container\">\n\t\t\t\t\t\t\t\t\t\t\t\t\t\t\t<img fetchpriority=\"high\" decoding=\"async\" width=\"244\" height=\"336\" src=\"https:\/\/andreasgemeinde.info\/wp-content\/uploads\/2021\/10\/Joerg.png\" class=\"attachment-large size-large wp-image-885\" alt=\"\" srcset=\"https:\/\/andreasgemeinde.info\/wp-content\/uploads\/2021\/10\/Joerg.png 244w, https:\/\/andreasgemeinde.info\/wp-content\/uploads\/2021\/10\/Joerg-218x300.png 218w\" sizes=\"(max-width: 244px) 100vw, 244px\" \/>\t\t\t\t\t\t\t\t\t\t\t\t\t\t\t<\/div>\n\t\t\t\t<\/div>\n\t\t\t\t\t<\/div>\n\t\t<\/div>\n\t\t\t\t<div class=\"elementor-column elementor-col-50 elementor-top-column elementor-element elementor-element-733ae7f\" data-id=\"733ae7f\" data-element_type=\"column\" data-e-type=\"column\">\n\t\t\t<div class=\"elementor-widget-wrap elementor-element-populated\">\n\t\t\t\t\t\t<div class=\"elementor-element elementor-element-167ced9 elementor-widget__width-initial elementor-widget elementor-widget-text-editor\" data-id=\"167ced9\" data-element_type=\"widget\" data-e-type=\"widget\" data-widget_type=\"text-editor.default\">\n\t\t\t\t<div class=\"elementor-widget-container\">\n\t\t\t\t\t\t\t\t\t<p style=\"text-align: left;\">Vor einigen Jahren tauchte in meiner Gebetszeit etwas auf, mit dem ich kaum etwas anfangen konnte. Es war der Begriff \u00bbdas Wort\u00ab. Ja, ich konnte schon etwas damit anfangen. Ich las ja das Wort, Sein Wort. Und hatte und habe auch eine Beziehung zum Wort.<\/p><p style=\"text-align: left;\">Aber: was sollte ein Fotograf, der ich damals war, damit anfangen? Einem, der Bilder schaffen sollte &#8211; und nicht zwingend Worte?<\/p><p style=\"text-align: left;\">Dieses Fl\u00fcstern Gottes nahm nicht ab, sondern zu. Immer wieder tauchte es auf. Und lie\u00df mir keine Ruhe.<\/p><p style=\"text-align: left;\">Als junger Mensch wollte ich Buchh\u00e4ndler und Schriftsteller werden. B\u00fccher waren (und sind) \u00bbmeine Welt\u00ab. Buchh\u00e4ndler lernte ich und war ich einige Jahre. Darauf folge eine kurze Zeit in der Verlagsbranche. Im Anschluss daran mehr als zehn Jahre als Freier Fotograf im Bereich &#8222;People&#8220;, wie der Fotograf es nennt.\u00a0<\/p><p style=\"text-align: left;\">Menschen, Portraits waren meine Passion &#8211; und dies betrieb ich zwei Jahre auch mit eigenem Atelier und Studio im Herzen der Altstadt von Gelnhausen.<\/p><p style=\"text-align: left;\">Bis mich jenes Fl\u00fcstern erreichte. Fast drei\u00dfig Jahre war ich fern von Glauben, Gott und Gemeinde. Auch &#8211; oder vielleicht weil ich in einem sehr frommen Elternhaus aufgewachsen bin und mich mit 15 Jahren taufen lie\u00df. Es verhinderte aber nicht, dass ich mich im Zuge der Abnabelung vom Elternhaus auch von Gott und Gemeinde weit entfernte.<\/p><p>Als junger Mensch hatte ich eine Art &#8222;traumatisches Erlebnis&#8220;, wobei ich dies nicht so hoch h\u00e4ngen m\u00f6chte. Ich konnte nicht vor Menschen etwas vortragen, vorlesen. Es war unm\u00f6glich &#8211; und dies hielt auch in meiner Ausbildung und meinem Berufsleben an. Ich mied jede Situation, die mich dazu bringen konnte, vor einer Gruppe von Menschen etwas zu sagen.<\/p><p>Eines Tages &#8211; nachdem mich Jesus zur\u00fcckholte zu sich &#8211; sprach mich mein Pastor an. Ob ich nicht einmal predigen wollte; denn ich &#8222;h\u00e4tte doch etwas zu sagen&#8220;. Mein Pastor war auch mein Freund, so zeigte ich ihm den Vogel. Er wusste von meinen traumatischen Erlebnissen in der Jugend.<\/p><p>Oder ob ich erst einmal etwas vorlesen wollte, einen Bibeltext. Ich starb schon innerlich bei dem Gedanken. Aber eines Tages lie\u00df ich mich \u00fcberreden und las. Eigentlich las es eher in mir; denn ich stand gar nicht richtig da vorne, sondern zitterte wie ein Ast im Sturm.<\/p><p>So predigte ich eines Tages und wurde an dieser Stelle heil. Ich vertraute immer nur darauf, dass ich auf einem Felsen stehen durfte, der sich nicht bewegt. Wenn da etwas wankte oder wackelte, so waren es nur meine Knie.<\/p><p>Und eines Tages wurde immer klarer &#8211; auch in der Pr\u00fcfung mit Geschwistern aus der Gemeinde -, dass &#8222;das Wort&#8220; bedeutete, dass ich das Evangelium predigen sollte. Und auch wenn es ein Kampf war und manchmal noch ist, so gehorche ich seither und predige seit vielen Jahren in verschiedenen Gemeinden.\u00a0<\/p><p>Seit Dezember 2011 bin ich Gemeindereferent im pastoralen Dienst in der Andreasgemeinde. Und freue mich dar\u00fcber, hier dienen zu d\u00fcrfen.<\/p><p>Es w\u00fcrde mich freuen, Sie einmal in einer unserer Veranstaltungen begr\u00fc\u00dfen zu d\u00fcrfen.<\/p><p>Es gr\u00fc\u00dft Sie herzlich,<br \/>J\u00f6rg Kass\u00fchlke Gemeindereferent im pastoralen Dienst der Andreasgemeinde EFG Aschaffenburg<\/p>\t\t\t\t\t\t\t\t<\/div>\n\t\t\t\t<\/div>\n\t\t\t\t\t<\/div>\n\t\t<\/div>\n\t\t\t\t\t<\/div>\n\t\t<\/section>\n\t\t\t\t<\/div>\n\t\t","protected":false},"excerpt":{"rendered":"<p>J\u00f6rg Kass\u00fchlke, der Gemeindereferent Vor einigen Jahren tauchte in meiner Gebetszeit etwas auf, mit dem ich kaum etwas anfangen konnte. Es war der Begriff \u00bbdas Wort\u00ab. Ja, ich konnte schon etwas damit anfangen. Ich las ja das Wort, Sein Wort. Und hatte und habe auch eine Beziehung zum Wort. Aber: was sollte ein Fotograf, der [&hellip;]<\/p>\n","protected":false},"author":1,"featured_media":0,"parent":0,"menu_order":0,"comment_status":"closed","ping_status":"closed","template":"","meta":{"footnotes":""},"class_list":["post-137","page","type-page","status-publish","hentry","entry"],"_links":{"self":[{"href":"https:\/\/andreasgemeinde.info\/index.php?rest_route=\/wp\/v2\/pages\/137","targetHints":{"allow":["GET"]}}],"collection":[{"href":"https:\/\/andreasgemeinde.info\/index.php?rest_route=\/wp\/v2\/pages"}],"about":[{"href":"https:\/\/andreasgemeinde.info\/index.php?rest_route=\/wp\/v2\/types\/page"}],"author":[{"embeddable":true,"href":"https:\/\/andreasgemeinde.info\/index.php?rest_route=\/wp\/v2\/users\/1"}],"replies":[{"embeddable":true,"href":"https:\/\/andreasgemeinde.info\/index.php?rest_route=%2Fwp%2Fv2%2Fcomments&post=137"}],"version-history":[{"count":11,"href":"https:\/\/andreasgemeinde.info\/index.php?rest_route=\/wp\/v2\/pages\/137\/revisions"}],"predecessor-version":[{"id":2415,"href":"https:\/\/andreasgemeinde.info\/index.php?rest_route=\/wp\/v2\/pages\/137\/revisions\/2415"}],"wp:attachment":[{"href":"https:\/\/andreasgemeinde.info\/index.php?rest_route=%2Fwp%2Fv2%2Fmedia&parent=137"}],"curies":[{"name":"wp","href":"https:\/\/api.w.org\/{rel}","templated":true}]}}